{"id":20,"date":"2020-03-12T17:07:04","date_gmt":"2020-03-12T20:07:04","guid":{"rendered":"http:\/\/genher.com.ar\/news\/?page_id=20"},"modified":"2020-03-12T17:26:31","modified_gmt":"2020-03-12T20:26:31","slug":"hubbard-efficiency-plus","status":"publish","type":"page","link":"https:\/\/genher.com.ar\/news\/hubbard-efficiency-plus\/","title":{"rendered":"Hubbard Efficiency Plus"},"content":{"rendered":"\n<figure class=\"wp-block-gallery columns-3 is-cropped wp-block-gallery-1 is-layout-flex wp-block-gallery-is-layout-flex\"><ul class=\"blocks-gallery-grid\"><li class=\"blocks-gallery-item\"><figure><img loading=\"lazy\" decoding=\"async\" width=\"756\" height=\"1024\" src=\"http:\/\/genher.com.ar\/news\/wp-content\/uploads\/2020\/03\/efficiency_plus_001-756x1024.jpg\" alt=\"\" data-id=\"10\" data-full-url=\"http:\/\/genher.com.ar\/news\/wp-content\/uploads\/2020\/03\/efficiency_plus_001.jpg\" data-link=\"http:\/\/genher.com.ar\/news\/?attachment_id=10\" class=\"wp-image-10\" srcset=\"https:\/\/genher.com.ar\/news\/wp-content\/uploads\/2020\/03\/efficiency_plus_001-756x1024.jpg 756w, https:\/\/genher.com.ar\/news\/wp-content\/uploads\/2020\/03\/efficiency_plus_001-221x300.jpg 221w, https:\/\/genher.com.ar\/news\/wp-content\/uploads\/2020\/03\/efficiency_plus_001-768x1040.jpg 768w, https:\/\/genher.com.ar\/news\/wp-content\/uploads\/2020\/03\/efficiency_plus_001-1134x1536.jpg 1134w, https:\/\/genher.com.ar\/news\/wp-content\/uploads\/2020\/03\/efficiency_plus_001-1512x2048.jpg 1512w, https:\/\/genher.com.ar\/news\/wp-content\/uploads\/2020\/03\/efficiency_plus_001.jpg 1845w\" sizes=\"(max-width: 756px) 100vw, 756px\" \/><\/figure><\/li><li class=\"blocks-gallery-item\"><figure><img loading=\"lazy\" decoding=\"async\" width=\"756\" height=\"1024\" src=\"http:\/\/genher.com.ar\/news\/wp-content\/uploads\/2020\/03\/efficiency_plus_002-756x1024.jpg\" alt=\"\" data-id=\"11\" data-full-url=\"http:\/\/genher.com.ar\/news\/wp-content\/uploads\/2020\/03\/efficiency_plus_002-scaled.jpg\" data-link=\"http:\/\/genher.com.ar\/news\/?attachment_id=11\" class=\"wp-image-11\" srcset=\"https:\/\/genher.com.ar\/news\/wp-content\/uploads\/2020\/03\/efficiency_plus_002-756x1024.jpg 756w, https:\/\/genher.com.ar\/news\/wp-content\/uploads\/2020\/03\/efficiency_plus_002-222x300.jpg 222w, https:\/\/genher.com.ar\/news\/wp-content\/uploads\/2020\/03\/efficiency_plus_002-768x1040.jpg 768w, https:\/\/genher.com.ar\/news\/wp-content\/uploads\/2020\/03\/efficiency_plus_002-1134x1536.jpg 1134w, https:\/\/genher.com.ar\/news\/wp-content\/uploads\/2020\/03\/efficiency_plus_002-1512x2048.jpg 1512w, https:\/\/genher.com.ar\/news\/wp-content\/uploads\/2020\/03\/efficiency_plus_002-scaled.jpg 1890w\" sizes=\"(max-width: 756px) 100vw, 756px\" \/><\/figure><\/li><li class=\"blocks-gallery-item\"><figure><img loading=\"lazy\" decoding=\"async\" width=\"756\" height=\"1024\" src=\"http:\/\/genher.com.ar\/news\/wp-content\/uploads\/2020\/03\/efficiency_plus_003-756x1024.jpg\" alt=\"\" data-id=\"12\" data-full-url=\"http:\/\/genher.com.ar\/news\/wp-content\/uploads\/2020\/03\/efficiency_plus_003.jpg\" data-link=\"http:\/\/genher.com.ar\/news\/?attachment_id=12\" class=\"wp-image-12\" srcset=\"https:\/\/genher.com.ar\/news\/wp-content\/uploads\/2020\/03\/efficiency_plus_003-756x1024.jpg 756w, https:\/\/genher.com.ar\/news\/wp-content\/uploads\/2020\/03\/efficiency_plus_003-221x300.jpg 221w, https:\/\/genher.com.ar\/news\/wp-content\/uploads\/2020\/03\/efficiency_plus_003-768x1040.jpg 768w, https:\/\/genher.com.ar\/news\/wp-content\/uploads\/2020\/03\/efficiency_plus_003-1134x1536.jpg 1134w, https:\/\/genher.com.ar\/news\/wp-content\/uploads\/2020\/03\/efficiency_plus_003.jpg 1453w\" sizes=\"(max-width: 756px) 100vw, 756px\" \/><\/figure><\/li><\/ul><\/figure>\n\n\n\n<p>La Hubbard Efficiency Plus representa una mezcla perfecta de reproductora avanzada y rendimiento del pollo. Los clientes se beneficiar\u00e1n de altos n\u00fameros de huevos y pollitos con una robusta tasa de crecimiento, con buena salud y alto rendimiento de carne vendible de buena calidad. Adicionalmente, la excelente eficiencia alimentaria resulta en ventajas econ\u00f3micas para los productores y en sostenibilidad para el medio ambiente.<\/p>\n\n\n\n<p>La hembra Hubbard Efficiency Plus aporta conjuntamente las caracter\u00edsticas que la industria busca en una sola ave multiprop\u00f3sito, con rendimiento en sus resultados y eficiencia econ\u00f3mica a todos los niveles productivos.<\/p>\n\n\n\n<figure class=\"wp-block-image size-large\"><img loading=\"lazy\" decoding=\"async\" width=\"643\" height=\"446\" src=\"http:\/\/genher.com.ar\/news\/wp-content\/uploads\/2020\/03\/es_efficiency_plus_breeder_table.png\" alt=\"\" class=\"wp-image-13\" srcset=\"https:\/\/genher.com.ar\/news\/wp-content\/uploads\/2020\/03\/es_efficiency_plus_breeder_table.png 643w, https:\/\/genher.com.ar\/news\/wp-content\/uploads\/2020\/03\/es_efficiency_plus_breeder_table-300x208.png 300w\" sizes=\"(max-width: 643px) 100vw, 643px\" \/><\/figure>\n\n\n\n<figure class=\"wp-block-image size-large\"><img loading=\"lazy\" decoding=\"async\" width=\"641\" height=\"288\" src=\"http:\/\/genher.com.ar\/news\/wp-content\/uploads\/2020\/03\/es_efficiency_plus_broiler_table2.png\" alt=\"\" class=\"wp-image-14\" srcset=\"https:\/\/genher.com.ar\/news\/wp-content\/uploads\/2020\/03\/es_efficiency_plus_broiler_table2.png 641w, https:\/\/genher.com.ar\/news\/wp-content\/uploads\/2020\/03\/es_efficiency_plus_broiler_table2-300x135.png 300w\" sizes=\"(max-width: 641px) 100vw, 641px\" \/><\/figure>\n\n\n\n<div class=\"wp-block-file\"><a href=\"https:\/\/genher.com.ar\/news\/wp-content\/uploads\/2020\/03\/Nueva-Hubbard-Efficiency-Plus.pdf\" target=\"_blank\" rel=\"noreferrer noopener\"><br><strong><em>Folleto:<\/em><\/strong> Nueva-Hubbard-Efficiency-Plus<\/a><a href=\"https:\/\/genher.com.ar\/news\/wp-content\/uploads\/2020\/03\/Nueva-Hubbard-Efficiency-Plus.pdf\" class=\"wp-block-file__button\" download>Descarga<\/a><\/div>\n\n\n\n<h2 class=\"wp-block-heading\"><\/h2>\n","protected":false},"excerpt":{"rendered":"<p>La Hubbard Efficiency Plus representa una mezcla perfecta de reproductora avanzada y rendimiento del pollo. Los clientes se beneficiar\u00e1n de altos n\u00fameros de huevos y pollitos con una robusta tasa de crecimiento, con buena salud y alto rendimiento de carne vendible de buena calidad. Adicionalmente, la excelente eficiencia alimentaria resulta en ventajas econ\u00f3micas para los &hellip; <a href=\"https:\/\/genher.com.ar\/news\/hubbard-efficiency-plus\/\" class=\"more-link\">Continue reading <span class=\"screen-reader-text\">Hubbard Efficiency Plus<\/span><\/a><\/p>\n","protected":false},"author":1,"featured_media":9,"parent":0,"menu_order":0,"comment_status":"closed","ping_status":"closed","template":"","meta":{"footnotes":""},"_links":{"self":[{"href":"https:\/\/genher.com.ar\/news\/wp-json\/wp\/v2\/pages\/20"}],"collection":[{"href":"https:\/\/genher.com.ar\/news\/wp-json\/wp\/v2\/pages"}],"about":[{"href":"https:\/\/genher.com.ar\/news\/wp-json\/wp\/v2\/types\/page"}],"author":[{"embeddable":true,"href":"https:\/\/genher.com.ar\/news\/wp-json\/wp\/v2\/users\/1"}],"replies":[{"embeddable":true,"href":"https:\/\/genher.com.ar\/news\/wp-json\/wp\/v2\/comments?post=20"}],"version-history":[{"count":5,"href":"https:\/\/genher.com.ar\/news\/wp-json\/wp\/v2\/pages\/20\/revisions"}],"predecessor-version":[{"id":43,"href":"https:\/\/genher.com.ar\/news\/wp-json\/wp\/v2\/pages\/20\/revisions\/43"}],"wp:featuredmedia":[{"embeddable":true,"href":"https:\/\/genher.com.ar\/news\/wp-json\/wp\/v2\/media\/9"}],"wp:attachment":[{"href":"https:\/\/genher.com.ar\/news\/wp-json\/wp\/v2\/media?parent=20"}],"curies":[{"name":"wp","href":"https:\/\/api.w.org\/{rel}","templated":true}]}}